{"id":17,"date":"2020-11-30T18:34:14","date_gmt":"2020-11-30T18:34:14","guid":{"rendered":"https:\/\/torney.progressionstudios.com\/?page_id=17"},"modified":"2023-12-18T15:33:22","modified_gmt":"2023-12-18T13:33:22","slug":"apie-mus","status":"publish","type":"page","link":"https:\/\/jjp-legal.lt\/en\/","title":{"rendered":"About us"},"content":{"rendered":"<div data-elementor-type=\"wp-page\" data-elementor-id=\"17\" class=\"elementor elementor-17\">\n\t\t\t\t\t\t<section class=\"elementor-section elementor-top-section elementor-element elementor-element-4d8ff5a elementor-section-content-middle elementor-section-boxed elementor-section-height-default elementor-section-height-default\" data-id=\"4d8ff5a\" data-element_type=\"section\">\n\t\t\t\t\t\t<div class=\"elementor-container elementor-column-gap-default\">\n\t\t\t\t\t<div class=\"elementor-column elementor-col-100 elementor-top-column elementor-element elementor-element-2dfbe62\" data-id=\"2dfbe62\" data-element_type=\"column\">\n\t\t\t<div class=\"elementor-widget-wrap elementor-element-populated\">\n\t\t\t\t\t\t<div class=\"elementor-element elementor-element-1f34abca elementor-widget elementor-widget-text-editor\" data-id=\"1f34abca\" data-element_type=\"widget\" data-widget_type=\"text-editor.default\">\n\t\t\t\t<div class=\"elementor-widget-container\">\n\t\t\t\t\t\t\t\t\t<p>Founded in 2010, Law Firm Juodis, Juodien\u0117 &amp; Partners is specialising in providing legal assistance for business and private customers in the area of civil law.<\/p><p>Having many years of legal work experience, the members of our team share responsibility to provide our clients with competent assistance focusing on the best result and always seek to find optimal solutions meeting all legal needs of the client.<\/p><p>We work with most well-established Lithuanian companies in different business sectors.<\/p>\t\t\t\t\t\t\t\t<\/div>\n\t\t\t\t<\/div>\n\t\t\t\t\t<\/div>\n\t\t<\/div>\n\t\t\t\t\t<\/div>\n\t\t<\/section>\n\t\t\t\t<\/div>","protected":false},"excerpt":{"rendered":"<p>Advokat\u0173 kontora Juodis, Juodien\u0117 ir partneriai yra nuo 2010 met\u0173 veikianti advokat\u0173 kontora, kurios pagrindin\u0117 specializacija &#8211; teisin\u0117s paslaugos verslo ir privatiems klientams civilin\u0117s teis\u0117s srityje. Advokat\u0173 kontoroje dirba ilgamet\u0119 \u012fvairaus teisinio darbo patirt\u012f turintys teisininkai.\u00a0 M\u016bs\u0173 komandos nariai pasi\u017eymi atsakingumu ir yra orientuoti \u012f geriausi\u0105 rezultat\u0105 klientui, tod\u0117l nuolatos siekia surasti optimaliai kliento poreikius [&hellip;]<\/p>","protected":false},"author":1,"featured_media":0,"parent":0,"menu_order":0,"comment_status":"closed","ping_status":"closed","template":"","meta":{"footnotes":""},"class_list":["post-17","page","type-page","status-publish","hentry"],"yoast_head":"<!-- This site is optimized with the Yoast SEO plugin v26.4 - https:\/\/yoast.com\/wordpress\/plugins\/seo\/ -->\n<title>Advokat\u0173 kontora Juodis, Juodien\u0117 ir partneriai | JJP Legal<\/title>\n<meta name=\"description\" content=\"Advokat\u0173 kontora Juodis, Juodien\u0117 ir partneriai yra nuo 2010 met\u0173 veikianti advokat\u0173 kontora. Teisin\u0117s paslaugos civilin\u0117s teis\u0117s srityje.\" \/>\n<meta name=\"robots\" content=\"index, follow, max-snippet:-1, max-image-preview:large, max-video-preview:-1\" \/>\n<link rel=\"canonical\" href=\"https:\/\/jjp-legal.lt\/en\/\" \/>\n<meta property=\"og:locale\" content=\"en_US\" \/>\n<meta property=\"og:type\" content=\"article\" \/>\n<meta property=\"og:title\" content=\"Advokat\u0173 kontora Juodis, Juodien\u0117 ir partneriai | JJP Legal\" \/>\n<meta property=\"og:description\" content=\"Advokat\u0173 kontora Juodis, Juodien\u0117 ir partneriai yra nuo 2010 met\u0173 veikianti advokat\u0173 kontora. Teisin\u0117s paslaugos civilin\u0117s teis\u0117s srityje.\" \/>\n<meta property=\"og:url\" content=\"https:\/\/jjp-legal.lt\/en\/\" \/>\n<meta property=\"og:site_name\" content=\"jjp-legal\" \/>\n<meta property=\"article:modified_time\" content=\"2023-12-18T13:33:22+00:00\" \/>\n<meta property=\"og:image\" content=\"https:\/\/jjp-legal.lt\/wp-content\/uploads\/2023\/11\/pages-background.webp\" \/>\n\t<meta property=\"og:image:width\" content=\"1920\" \/>\n\t<meta property=\"og:image:height\" content=\"424\" \/>\n\t<meta property=\"og:image:type\" content=\"image\/webp\" \/>\n<meta name=\"twitter:card\" content=\"summary_large_image\" \/>\n<meta name=\"twitter:label1\" content=\"Est. reading time\" \/>\n\t<meta name=\"twitter:data1\" content=\"1 minute\" \/>\n<script type=\"application\/ld+json\" class=\"yoast-schema-graph\">{\"@context\":\"https:\/\/schema.org\",\"@graph\":[{\"@type\":\"WebPage\",\"@id\":\"https:\/\/jjp-legal.lt\/\",\"url\":\"https:\/\/jjp-legal.lt\/\",\"name\":\"Advokat\u0173 kontora Juodis, Juodien\u0117 ir partneriai | JJP Legal\",\"isPartOf\":{\"@id\":\"https:\/\/jjp-legal.lt\/#website\"},\"datePublished\":\"2020-11-30T18:34:14+00:00\",\"dateModified\":\"2023-12-18T13:33:22+00:00\",\"description\":\"Advokat\u0173 kontora Juodis, Juodien\u0117 ir partneriai yra nuo 2010 met\u0173 veikianti advokat\u0173 kontora. Teisin\u0117s paslaugos civilin\u0117s teis\u0117s srityje.\",\"breadcrumb\":{\"@id\":\"https:\/\/jjp-legal.lt\/#breadcrumb\"},\"inLanguage\":\"en-US\",\"potentialAction\":[{\"@type\":\"ReadAction\",\"target\":[\"https:\/\/jjp-legal.lt\/\"]}]},{\"@type\":\"BreadcrumbList\",\"@id\":\"https:\/\/jjp-legal.lt\/#breadcrumb\",\"itemListElement\":[{\"@type\":\"ListItem\",\"position\":1,\"name\":\"Home\",\"item\":\"https:\/\/jjp-legal.lt\/\"},{\"@type\":\"ListItem\",\"position\":2,\"name\":\"Apie mus\"}]},{\"@type\":\"WebSite\",\"@id\":\"https:\/\/jjp-legal.lt\/#website\",\"url\":\"https:\/\/jjp-legal.lt\/\",\"name\":\"JJP Legal\",\"description\":\"\",\"publisher\":{\"@id\":\"https:\/\/jjp-legal.lt\/#organization\"},\"alternateName\":\"JJP Legal\",\"potentialAction\":[{\"@type\":\"SearchAction\",\"target\":{\"@type\":\"EntryPoint\",\"urlTemplate\":\"https:\/\/jjp-legal.lt\/?s={search_term_string}\"},\"query-input\":{\"@type\":\"PropertyValueSpecification\",\"valueRequired\":true,\"valueName\":\"search_term_string\"}}],\"inLanguage\":\"en-US\"},{\"@type\":\"Organization\",\"@id\":\"https:\/\/jjp-legal.lt\/#organization\",\"name\":\"JJP Legal\",\"url\":\"https:\/\/jjp-legal.lt\/\",\"logo\":{\"@type\":\"ImageObject\",\"inLanguage\":\"en-US\",\"@id\":\"https:\/\/jjp-legal.lt\/#\/schema\/logo\/image\/\",\"url\":\"https:\/\/jjp-legal.lt\/wp-content\/uploads\/2023\/11\/jjp-legal-logo.png\",\"contentUrl\":\"https:\/\/jjp-legal.lt\/wp-content\/uploads\/2023\/11\/jjp-legal-logo.png\",\"width\":270,\"height\":52,\"caption\":\"JJP Legal\"},\"image\":{\"@id\":\"https:\/\/jjp-legal.lt\/#\/schema\/logo\/image\/\"}}]}<\/script>\n<!-- \/ Yoast SEO plugin. -->","yoast_head_json":{"title":"Advokat\u0173 kontora Juodis, Juodien\u0117 ir partneriai | JJP Legal","description":"Advokat\u0173 kontora Juodis, Juodien\u0117 ir partneriai yra nuo 2010 met\u0173 veikianti advokat\u0173 kontora. Teisin\u0117s paslaugos civilin\u0117s teis\u0117s srityje.","robots":{"index":"index","follow":"follow","max-snippet":"max-snippet:-1","max-image-preview":"max-image-preview:large","max-video-preview":"max-video-preview:-1"},"canonical":"https:\/\/jjp-legal.lt\/en\/","og_locale":"en_US","og_type":"article","og_title":"Advokat\u0173 kontora Juodis, Juodien\u0117 ir partneriai | JJP Legal","og_description":"Advokat\u0173 kontora Juodis, Juodien\u0117 ir partneriai yra nuo 2010 met\u0173 veikianti advokat\u0173 kontora. Teisin\u0117s paslaugos civilin\u0117s teis\u0117s srityje.","og_url":"https:\/\/jjp-legal.lt\/en\/","og_site_name":"jjp-legal","article_modified_time":"2023-12-18T13:33:22+00:00","og_image":[{"width":1920,"height":424,"url":"https:\/\/jjp-legal.lt\/wp-content\/uploads\/2023\/11\/pages-background.webp","type":"image\/webp"}],"twitter_card":"summary_large_image","twitter_misc":{"Est. reading time":"1 minute"},"schema":{"@context":"https:\/\/schema.org","@graph":[{"@type":"WebPage","@id":"https:\/\/jjp-legal.lt\/","url":"https:\/\/jjp-legal.lt\/","name":"Advokat\u0173 kontora Juodis, Juodien\u0117 ir partneriai | JJP Legal","isPartOf":{"@id":"https:\/\/jjp-legal.lt\/#website"},"datePublished":"2020-11-30T18:34:14+00:00","dateModified":"2023-12-18T13:33:22+00:00","description":"Advokat\u0173 kontora Juodis, Juodien\u0117 ir partneriai yra nuo 2010 met\u0173 veikianti advokat\u0173 kontora. Teisin\u0117s paslaugos civilin\u0117s teis\u0117s srityje.","breadcrumb":{"@id":"https:\/\/jjp-legal.lt\/#breadcrumb"},"inLanguage":"en-US","potentialAction":[{"@type":"ReadAction","target":["https:\/\/jjp-legal.lt\/"]}]},{"@type":"BreadcrumbList","@id":"https:\/\/jjp-legal.lt\/#breadcrumb","itemListElement":[{"@type":"ListItem","position":1,"name":"Home","item":"https:\/\/jjp-legal.lt\/"},{"@type":"ListItem","position":2,"name":"Apie mus"}]},{"@type":"WebSite","@id":"https:\/\/jjp-legal.lt\/#website","url":"https:\/\/jjp-legal.lt\/","name":"JJP Legal","description":"","publisher":{"@id":"https:\/\/jjp-legal.lt\/#organization"},"alternateName":"JJP Legal","potentialAction":[{"@type":"SearchAction","target":{"@type":"EntryPoint","urlTemplate":"https:\/\/jjp-legal.lt\/?s={search_term_string}"},"query-input":{"@type":"PropertyValueSpecification","valueRequired":true,"valueName":"search_term_string"}}],"inLanguage":"en-US"},{"@type":"Organization","@id":"https:\/\/jjp-legal.lt\/#organization","name":"JJP Legal","url":"https:\/\/jjp-legal.lt\/","logo":{"@type":"ImageObject","inLanguage":"en-US","@id":"https:\/\/jjp-legal.lt\/#\/schema\/logo\/image\/","url":"https:\/\/jjp-legal.lt\/wp-content\/uploads\/2023\/11\/jjp-legal-logo.png","contentUrl":"https:\/\/jjp-legal.lt\/wp-content\/uploads\/2023\/11\/jjp-legal-logo.png","width":270,"height":52,"caption":"JJP Legal"},"image":{"@id":"https:\/\/jjp-legal.lt\/#\/schema\/logo\/image\/"}}]}},"_links":{"self":[{"href":"https:\/\/jjp-legal.lt\/en\/wp-json\/wp\/v2\/pages\/17","targetHints":{"allow":["GET"]}}],"collection":[{"href":"https:\/\/jjp-legal.lt\/en\/wp-json\/wp\/v2\/pages"}],"about":[{"href":"https:\/\/jjp-legal.lt\/en\/wp-json\/wp\/v2\/types\/page"}],"author":[{"embeddable":true,"href":"https:\/\/jjp-legal.lt\/en\/wp-json\/wp\/v2\/users\/1"}],"replies":[{"embeddable":true,"href":"https:\/\/jjp-legal.lt\/en\/wp-json\/wp\/v2\/comments?post=17"}],"version-history":[{"count":47,"href":"https:\/\/jjp-legal.lt\/en\/wp-json\/wp\/v2\/pages\/17\/revisions"}],"predecessor-version":[{"id":1719,"href":"https:\/\/jjp-legal.lt\/en\/wp-json\/wp\/v2\/pages\/17\/revisions\/1719"}],"wp:attachment":[{"href":"https:\/\/jjp-legal.lt\/en\/wp-json\/wp\/v2\/media?parent=17"}],"curies":[{"name":"wp","href":"https:\/\/api.w.org\/{rel}","templated":true}]}}