{"id":1301,"date":"2023-11-06T13:12:37","date_gmt":"2023-11-06T11:12:37","guid":{"rendered":"https:\/\/jjp-legal.lt\/?page_id=1301"},"modified":"2025-07-01T15:48:38","modified_gmt":"2025-07-01T13:48:38","slug":"komanda","status":"publish","type":"page","link":"https:\/\/jjp-legal.lt\/en\/komanda\/","title":{"rendered":"Team"},"content":{"rendered":"<div data-elementor-type=\"wp-page\" data-elementor-id=\"1301\" class=\"elementor elementor-1301\">\n\t\t\t\t\t\t<section class=\"elementor-section elementor-top-section elementor-element elementor-element-5eb1c57 elementor-section-boxed elementor-section-height-default elementor-section-height-default\" data-id=\"5eb1c57\" data-element_type=\"section\" data-settings=\"{&quot;background_background&quot;:&quot;classic&quot;}\">\n\t\t\t\t\t\t<div class=\"elementor-container elementor-column-gap-default\">\n\t\t\t\t\t<div class=\"elementor-column elementor-col-50 elementor-top-column elementor-element elementor-element-52e1df8\" data-id=\"52e1df8\" data-element_type=\"column\" data-settings=\"{&quot;background_background&quot;:&quot;classic&quot;}\">\n\t\t\t<div class=\"elementor-widget-wrap elementor-element-populated\">\n\t\t\t\t\t\t<div class=\"elementor-element elementor-element-f7d46cb elementor-position-left elementor-vertical-align-middle elementor-widget elementor-widget-image-box\" data-id=\"f7d46cb\" data-element_type=\"widget\" id=\"contact\" data-widget_type=\"image-box.default\">\n\t\t\t\t<div class=\"elementor-widget-container\">\n\t\t\t\t\t<div class=\"elementor-image-box-wrapper\"><figure class=\"elementor-image-box-img\"><img fetchpriority=\"high\" decoding=\"async\" width=\"400\" height=\"637\" src=\"https:\/\/jjp-legal.lt\/wp-content\/uploads\/2023\/11\/Advokatas-Arunas-Juodis-foto.webp\" class=\"attachment-full size-full wp-image-1451\" alt=\"Advokatas Ar\u016bnas Juodis\" srcset=\"https:\/\/jjp-legal.lt\/wp-content\/uploads\/2023\/11\/Advokatas-Arunas-Juodis-foto.webp 400w, https:\/\/jjp-legal.lt\/wp-content\/uploads\/2023\/11\/Advokatas-Arunas-Juodis-foto-188x300.webp 188w, https:\/\/jjp-legal.lt\/wp-content\/uploads\/2023\/11\/Advokatas-Arunas-Juodis-foto-8x12.webp 8w\" sizes=\"(max-width: 400px) 100vw, 400px\" \/><\/figure><div class=\"elementor-image-box-content\"><h2 class=\"elementor-image-box-title\">Ar\u016bnas Juodis, Attorney at Law<\/h2><p class=\"elementor-image-box-description\">Legal work experience since 1997<br>\nAttorney at Law since 2006<br>\nManaging Partner<br>\nMember of Lithuanian Bar Association<br><br>\n\nTel.: <a href=\"tel:068675415\">+370 686 75415<\/a><br>\nEmail: <a href=\"mailto:arunas.juodis@jjp-legal.lt\">arunas.juodis@jjp-legal.lt<\/a><\/p><\/div><\/div>\t\t\t\t<\/div>\n\t\t\t\t<\/div>\n\t\t\t\t\t<\/div>\n\t\t<\/div>\n\t\t\t\t<div class=\"elementor-column elementor-col-50 elementor-top-column elementor-element elementor-element-44dd626\" data-id=\"44dd626\" data-element_type=\"column\" data-settings=\"{&quot;background_background&quot;:&quot;classic&quot;}\">\n\t\t\t<div class=\"elementor-widget-wrap elementor-element-populated\">\n\t\t\t\t\t\t<div class=\"elementor-element elementor-element-5a0cfff elementor-position-left elementor-vertical-align-middle elementor-widget elementor-widget-image-box\" data-id=\"5a0cfff\" data-element_type=\"widget\" id=\"contact\" data-widget_type=\"image-box.default\">\n\t\t\t\t<div class=\"elementor-widget-container\">\n\t\t\t\t\t<div class=\"elementor-image-box-wrapper\"><figure class=\"elementor-image-box-img\"><img decoding=\"async\" width=\"400\" height=\"639\" src=\"https:\/\/jjp-legal.lt\/wp-content\/uploads\/2023\/11\/Advokate-Jurate-Juodiene-foto.webp\" class=\"attachment-full size-full wp-image-1452\" alt=\"Advokat\u0117 J\u016brat\u0117 Juodien\u0117\" srcset=\"https:\/\/jjp-legal.lt\/wp-content\/uploads\/2023\/11\/Advokate-Jurate-Juodiene-foto.webp 400w, https:\/\/jjp-legal.lt\/wp-content\/uploads\/2023\/11\/Advokate-Jurate-Juodiene-foto-188x300.webp 188w, https:\/\/jjp-legal.lt\/wp-content\/uploads\/2023\/11\/Advokate-Jurate-Juodiene-foto-8x12.webp 8w\" sizes=\"(max-width: 400px) 100vw, 400px\" \/><\/figure><div class=\"elementor-image-box-content\"><h2 class=\"elementor-image-box-title\">J\u016brat\u0117 Juodien\u0117, Attorney at Law<\/h2><p class=\"elementor-image-box-description\">Attorney at Law since 2005<br>\nPartner<br>\nMember of Lithuanian Bar Association<br><br>\n\nTel.: <a href=\"tel:061009927\">+370 610 09927<\/a><br>\nEmail: <a href=\"mailto:jurate.juodiene@jjp-legal.lt\">jurate.juodiene@jjp-legal.lt<\/a><\/p><\/div><\/div>\t\t\t\t<\/div>\n\t\t\t\t<\/div>\n\t\t\t\t\t<\/div>\n\t\t<\/div>\n\t\t\t\t\t<\/div>\n\t\t<\/section>\n\t\t\t\t<\/div>","protected":false},"excerpt":{"rendered":"<p>Advokatas Ar\u016bnas Juodis Teisinio darbo patirtis nuo 1997 met\u0173 Advokatas nuo 2006 met\u0173 Kontoros partneris ir seni\u016bnas Lietuvos advokat\u016bros narys Mob.: +370 686 75415 El.p.: arunas.juodis@jjp-legal.lt Advokat\u0117 J\u016brat\u0117 Juodien\u0117 Advokat\u0117 nuo 2005 met\u0173 Kontoros partner\u0117 Lietuvos advokat\u016bros nar\u0117 Mob.: +370 610 09927 El.p.: jurate.juodiene@jjp-legal.lt<\/p>","protected":false},"author":1,"featured_media":0,"parent":0,"menu_order":0,"comment_status":"closed","ping_status":"closed","template":"","meta":{"footnotes":""},"class_list":["post-1301","page","type-page","status-publish","hentry"],"yoast_head":"<!-- This site is optimized with the Yoast SEO plugin v26.4 - https:\/\/yoast.com\/wordpress\/plugins\/seo\/ -->\n<title>Komanda | JJP Legal<\/title>\n<meta name=\"description\" content=\"JJP Legal - advokat\u0173 kontoroje dirba ilgamet\u0119 \u012fvairaus teisinio darbo patirt\u012f turintys teisininkai - Ar\u016bnas Juodis ir J\u016brat\u0117 Juodien\u0117.\" \/>\n<meta name=\"robots\" content=\"index, follow, max-snippet:-1, max-image-preview:large, max-video-preview:-1\" \/>\n<link rel=\"canonical\" href=\"https:\/\/jjp-legal.lt\/en\/komanda\/\" \/>\n<meta property=\"og:locale\" content=\"en_US\" \/>\n<meta property=\"og:type\" content=\"article\" \/>\n<meta property=\"og:title\" content=\"Komanda | JJP Legal\" \/>\n<meta property=\"og:description\" content=\"JJP Legal - advokat\u0173 kontoroje dirba ilgamet\u0119 \u012fvairaus teisinio darbo patirt\u012f turintys teisininkai - Ar\u016bnas Juodis ir J\u016brat\u0117 Juodien\u0117.\" \/>\n<meta property=\"og:url\" content=\"https:\/\/jjp-legal.lt\/en\/komanda\/\" \/>\n<meta property=\"og:site_name\" content=\"jjp-legal\" \/>\n<meta property=\"article:modified_time\" content=\"2025-07-01T13:48:38+00:00\" \/>\n<meta property=\"og:image\" content=\"https:\/\/jjp-legal.lt\/wp-content\/uploads\/2023\/11\/pages-background.webp\" \/>\n\t<meta property=\"og:image:width\" content=\"1920\" \/>\n\t<meta property=\"og:image:height\" content=\"424\" \/>\n\t<meta property=\"og:image:type\" content=\"image\/webp\" \/>\n<meta name=\"twitter:card\" content=\"summary_large_image\" \/>\n<meta name=\"twitter:label1\" content=\"Est. reading time\" \/>\n\t<meta name=\"twitter:data1\" content=\"1 minute\" \/>\n<script type=\"application\/ld+json\" class=\"yoast-schema-graph\">{\"@context\":\"https:\/\/schema.org\",\"@graph\":[{\"@type\":\"WebPage\",\"@id\":\"https:\/\/jjp-legal.lt\/komanda\/\",\"url\":\"https:\/\/jjp-legal.lt\/komanda\/\",\"name\":\"Komanda | JJP Legal\",\"isPartOf\":{\"@id\":\"https:\/\/jjp-legal.lt\/#website\"},\"primaryImageOfPage\":{\"@id\":\"https:\/\/jjp-legal.lt\/komanda\/#primaryimage\"},\"image\":{\"@id\":\"https:\/\/jjp-legal.lt\/komanda\/#primaryimage\"},\"thumbnailUrl\":\"https:\/\/jjp-legal.lt\/wp-content\/uploads\/2023\/11\/Advokatas-Arunas-Juodis-foto.webp\",\"datePublished\":\"2023-11-06T11:12:37+00:00\",\"dateModified\":\"2025-07-01T13:48:38+00:00\",\"description\":\"JJP Legal - advokat\u0173 kontoroje dirba ilgamet\u0119 \u012fvairaus teisinio darbo patirt\u012f turintys teisininkai - Ar\u016bnas Juodis ir J\u016brat\u0117 Juodien\u0117.\",\"breadcrumb\":{\"@id\":\"https:\/\/jjp-legal.lt\/komanda\/#breadcrumb\"},\"inLanguage\":\"en-US\",\"potentialAction\":[{\"@type\":\"ReadAction\",\"target\":[\"https:\/\/jjp-legal.lt\/komanda\/\"]}]},{\"@type\":\"ImageObject\",\"inLanguage\":\"en-US\",\"@id\":\"https:\/\/jjp-legal.lt\/komanda\/#primaryimage\",\"url\":\"https:\/\/jjp-legal.lt\/wp-content\/uploads\/2023\/11\/Advokatas-Arunas-Juodis-foto.webp\",\"contentUrl\":\"https:\/\/jjp-legal.lt\/wp-content\/uploads\/2023\/11\/Advokatas-Arunas-Juodis-foto.webp\"},{\"@type\":\"BreadcrumbList\",\"@id\":\"https:\/\/jjp-legal.lt\/komanda\/#breadcrumb\",\"itemListElement\":[{\"@type\":\"ListItem\",\"position\":1,\"name\":\"Home\",\"item\":\"https:\/\/jjp-legal.lt\/\"},{\"@type\":\"ListItem\",\"position\":2,\"name\":\"Komanda\"}]},{\"@type\":\"WebSite\",\"@id\":\"https:\/\/jjp-legal.lt\/#website\",\"url\":\"https:\/\/jjp-legal.lt\/\",\"name\":\"JJP Legal\",\"description\":\"\",\"publisher\":{\"@id\":\"https:\/\/jjp-legal.lt\/#organization\"},\"alternateName\":\"JJP Legal\",\"potentialAction\":[{\"@type\":\"SearchAction\",\"target\":{\"@type\":\"EntryPoint\",\"urlTemplate\":\"https:\/\/jjp-legal.lt\/?s={search_term_string}\"},\"query-input\":{\"@type\":\"PropertyValueSpecification\",\"valueRequired\":true,\"valueName\":\"search_term_string\"}}],\"inLanguage\":\"en-US\"},{\"@type\":\"Organization\",\"@id\":\"https:\/\/jjp-legal.lt\/#organization\",\"name\":\"JJP Legal\",\"url\":\"https:\/\/jjp-legal.lt\/\",\"logo\":{\"@type\":\"ImageObject\",\"inLanguage\":\"en-US\",\"@id\":\"https:\/\/jjp-legal.lt\/#\/schema\/logo\/image\/\",\"url\":\"https:\/\/jjp-legal.lt\/wp-content\/uploads\/2023\/11\/jjp-legal-logo.png\",\"contentUrl\":\"https:\/\/jjp-legal.lt\/wp-content\/uploads\/2023\/11\/jjp-legal-logo.png\",\"width\":270,\"height\":52,\"caption\":\"JJP Legal\"},\"image\":{\"@id\":\"https:\/\/jjp-legal.lt\/#\/schema\/logo\/image\/\"}}]}<\/script>\n<!-- \/ Yoast SEO plugin. -->","yoast_head_json":{"title":"Komanda | JJP Legal","description":"JJP Legal - advokat\u0173 kontoroje dirba ilgamet\u0119 \u012fvairaus teisinio darbo patirt\u012f turintys teisininkai - Ar\u016bnas Juodis ir J\u016brat\u0117 Juodien\u0117.","robots":{"index":"index","follow":"follow","max-snippet":"max-snippet:-1","max-image-preview":"max-image-preview:large","max-video-preview":"max-video-preview:-1"},"canonical":"https:\/\/jjp-legal.lt\/en\/komanda\/","og_locale":"en_US","og_type":"article","og_title":"Komanda | JJP Legal","og_description":"JJP Legal - advokat\u0173 kontoroje dirba ilgamet\u0119 \u012fvairaus teisinio darbo patirt\u012f turintys teisininkai - Ar\u016bnas Juodis ir J\u016brat\u0117 Juodien\u0117.","og_url":"https:\/\/jjp-legal.lt\/en\/komanda\/","og_site_name":"jjp-legal","article_modified_time":"2025-07-01T13:48:38+00:00","og_image":[{"width":1920,"height":424,"url":"https:\/\/jjp-legal.lt\/wp-content\/uploads\/2023\/11\/pages-background.webp","type":"image\/webp"}],"twitter_card":"summary_large_image","twitter_misc":{"Est. reading time":"1 minute"},"schema":{"@context":"https:\/\/schema.org","@graph":[{"@type":"WebPage","@id":"https:\/\/jjp-legal.lt\/komanda\/","url":"https:\/\/jjp-legal.lt\/komanda\/","name":"Komanda | JJP Legal","isPartOf":{"@id":"https:\/\/jjp-legal.lt\/#website"},"primaryImageOfPage":{"@id":"https:\/\/jjp-legal.lt\/komanda\/#primaryimage"},"image":{"@id":"https:\/\/jjp-legal.lt\/komanda\/#primaryimage"},"thumbnailUrl":"https:\/\/jjp-legal.lt\/wp-content\/uploads\/2023\/11\/Advokatas-Arunas-Juodis-foto.webp","datePublished":"2023-11-06T11:12:37+00:00","dateModified":"2025-07-01T13:48:38+00:00","description":"JJP Legal - advokat\u0173 kontoroje dirba ilgamet\u0119 \u012fvairaus teisinio darbo patirt\u012f turintys teisininkai - Ar\u016bnas Juodis ir J\u016brat\u0117 Juodien\u0117.","breadcrumb":{"@id":"https:\/\/jjp-legal.lt\/komanda\/#breadcrumb"},"inLanguage":"en-US","potentialAction":[{"@type":"ReadAction","target":["https:\/\/jjp-legal.lt\/komanda\/"]}]},{"@type":"ImageObject","inLanguage":"en-US","@id":"https:\/\/jjp-legal.lt\/komanda\/#primaryimage","url":"https:\/\/jjp-legal.lt\/wp-content\/uploads\/2023\/11\/Advokatas-Arunas-Juodis-foto.webp","contentUrl":"https:\/\/jjp-legal.lt\/wp-content\/uploads\/2023\/11\/Advokatas-Arunas-Juodis-foto.webp"},{"@type":"BreadcrumbList","@id":"https:\/\/jjp-legal.lt\/komanda\/#breadcrumb","itemListElement":[{"@type":"ListItem","position":1,"name":"Home","item":"https:\/\/jjp-legal.lt\/"},{"@type":"ListItem","position":2,"name":"Komanda"}]},{"@type":"WebSite","@id":"https:\/\/jjp-legal.lt\/#website","url":"https:\/\/jjp-legal.lt\/","name":"JJP Legal","description":"","publisher":{"@id":"https:\/\/jjp-legal.lt\/#organization"},"alternateName":"JJP Legal","potentialAction":[{"@type":"SearchAction","target":{"@type":"EntryPoint","urlTemplate":"https:\/\/jjp-legal.lt\/?s={search_term_string}"},"query-input":{"@type":"PropertyValueSpecification","valueRequired":true,"valueName":"search_term_string"}}],"inLanguage":"en-US"},{"@type":"Organization","@id":"https:\/\/jjp-legal.lt\/#organization","name":"JJP Legal","url":"https:\/\/jjp-legal.lt\/","logo":{"@type":"ImageObject","inLanguage":"en-US","@id":"https:\/\/jjp-legal.lt\/#\/schema\/logo\/image\/","url":"https:\/\/jjp-legal.lt\/wp-content\/uploads\/2023\/11\/jjp-legal-logo.png","contentUrl":"https:\/\/jjp-legal.lt\/wp-content\/uploads\/2023\/11\/jjp-legal-logo.png","width":270,"height":52,"caption":"JJP Legal"},"image":{"@id":"https:\/\/jjp-legal.lt\/#\/schema\/logo\/image\/"}}]}},"_links":{"self":[{"href":"https:\/\/jjp-legal.lt\/en\/wp-json\/wp\/v2\/pages\/1301","targetHints":{"allow":["GET"]}}],"collection":[{"href":"https:\/\/jjp-legal.lt\/en\/wp-json\/wp\/v2\/pages"}],"about":[{"href":"https:\/\/jjp-legal.lt\/en\/wp-json\/wp\/v2\/types\/page"}],"author":[{"embeddable":true,"href":"https:\/\/jjp-legal.lt\/en\/wp-json\/wp\/v2\/users\/1"}],"replies":[{"embeddable":true,"href":"https:\/\/jjp-legal.lt\/en\/wp-json\/wp\/v2\/comments?post=1301"}],"version-history":[{"count":80,"href":"https:\/\/jjp-legal.lt\/en\/wp-json\/wp\/v2\/pages\/1301\/revisions"}],"predecessor-version":[{"id":1838,"href":"https:\/\/jjp-legal.lt\/en\/wp-json\/wp\/v2\/pages\/1301\/revisions\/1838"}],"wp:attachment":[{"href":"https:\/\/jjp-legal.lt\/en\/wp-json\/wp\/v2\/media?parent=1301"}],"curies":[{"name":"wp","href":"https:\/\/api.w.org\/{rel}","templated":true}]}}